{"id":634,"date":"2022-03-21T07:42:33","date_gmt":"2022-03-21T07:42:33","guid":{"rendered":"https:\/\/pasteldajapa.com.br\/?page_id=634"},"modified":"2024-01-20T15:55:04","modified_gmt":"2024-01-20T18:55:04","slug":"para-seu-negocio","status":"publish","type":"page","link":"https:\/\/pasteldajapa.com.br\/?page_id=634","title":{"rendered":"Para seu Neg\u00f3cio"},"content":{"rendered":"\n\n\t<h1>\n\t\t\t\t\tFornecemos para seu Neg\u00f3cio\n\t\t\t\t<\/h1>\n\t\t\t\t<img decoding=\"async\" src=\"http:\/\/pasteldajapa.com.br\/wp-content\/uploads\/2023\/12\/parceria.jpg\" alt=\"parceria\" itemprop=\"image\"\/>\n\t<h3>\n\t\t\t\t\tGanhe mais dinheiro com nossos produtos\n\t\t\t\t<\/h3>\n\t<h5>\n\t\t\t\t\tEnrique\u00e7a o Card\u00e1pio do Seu Estabelecimento com nossos produtos\n\t\t\t\t<\/h5>\n\t\t\t<p>No Pastel da Japa, oferecemos muito mais do que apenas uma ampla gama de deliciosos past\u00e9is, salgados, carnes selecionadas e molhos exclusivos. Nosso compromisso vai al\u00e9m de proporcionar qualidade e sabor excepcional: queremos ser um parceiro no crescimento do seu neg\u00f3cio.<\/p>\n\t<h5>\n\t\t\t\t\tTenhas mais produtos no seu Card\u00e1pio, aumentando faturamento e lucro \n\t\t\t\t<\/h5>\n\t\t\t<p>Ao incorporar nossos produtos artesanais em seu estabelecimento, voc\u00ea n\u00e3o s\u00f3 enriquece seu card\u00e1pio, mas tamb\u00e9m abre as portas para uma maior lucratividade e faturamento. Nossos itens cuidadosamente elaborados s\u00e3o projetados para atrair mais clientes e incentivar vendas repetidas.<\/p>\n\t<h3>\n\t\t\t\t\tFoque no que \u00e9 mais importante para seu estabelecimento\n\t\t\t\t<\/h3>\n\t<h5>\n\t\t\t\t\tEfici\u00eancia que Transforma Seu Neg\u00f3cio\n\t\t\t\t<\/h5>\n\t\t\t<p>Entendemos que tempo \u00e9 dinheiro, especialmente no ramo aliment\u00edcio. Ao escolher o Pastel da Japa, voc\u00ea economiza horas valiosas de produ\u00e7\u00e3o. N\u00f3s cuidamos da elabora\u00e7\u00e3o dos produtos, permitindo que voc\u00ea concentre seus esfor\u00e7os no que realmente importa: vender mais e gerenciar seu neg\u00f3cio de maneira eficiente.<\/p>\n\t<h5>\n\t\t\t\t\tQualidade e Sabor\n\t\t\t\t<\/h5>\n\t\t\t<p>Cada item do nosso menu \u00e9 feito com os melhores ingredientes e uma paix\u00e3o pela culin\u00e1ria, garantindo que seus clientes desfrutem de uma experi\u00eancia gastron\u00f4mica inesquec\u00edvel a cada visita<\/p>\n\t<h5>\n\t\t\t\t\tParceria para o Sucesso\n\t\t\t\t<\/h5>\n\t\t\t<p>Ao nos escolher como fornecedores, voc\u00ea ganha mais do que produtos de alta qualidade &#8211; ganha um parceiro dedicado ao sucesso do seu neg\u00f3cio. Nossa equipe est\u00e1 comprometida em oferecer solu\u00e7\u00f5es personalizadas que atendam \u00e0s necessidades espec\u00edficas do seu neg\u00f3cio, ajudando-o a crescer e prosperar.<\/p>\n<p><strong>Entre em Contato Agora<\/strong>: Descubra como o Pastel da Japa pode ajudar a transformar seu neg\u00f3cio, aumentando sua rentabilidade e efici\u00eancia. Juntos, podemos criar experi\u00eancias culin\u00e1rias que encantam os clientes e impulsionam o sucesso!<\/p>\n\t\t\t\t<img decoding=\"async\" src=\"http:\/\/pasteldajapa.com.br\/wp-content\/uploads\/2023\/12\/vitrine-salgados.jpg\" alt=\"vitrine-salgados\" itemprop=\"image\"\/>\n\t<h6>\n\t\t\t\t\tSeja um parceiro\n\t\t\t\t<\/h6>\n\t<h2>\n\t\t\t\t\tFALE CONOSCO\n\t\t\t\t<\/h2>\n\t\t\t<p>Estamos sempre a disposi\u00e7\u00e3o para entender sua necessidade e atende-los da melhor maneira<\/p>\n\t\t\t<a href=\"https:\/\/api.whatsapp.com\/send\/?phone=5519998722244\" target=\"_self\" role=\"button\" rel=\"noopener\">\n\t\t\t\t\t\tFalar com a Japa\n\t\t<\/a>\n\n","protected":false},"excerpt":{"rendered":"<p>Fornecemos para seu Neg\u00f3cio Ganhe mais dinheiro com nossos produtos Enrique\u00e7a o Card\u00e1pio do Seu Estabelecimento com nossos produtos No Pastel da Japa, oferecemos muito mais do que apenas uma ampla gama de deliciosos past\u00e9is, salgados, carnes selecionadas e molhos exclusivos. Nosso compromisso vai al\u00e9m de proporcionar qualidade e sabor excepcional: queremos ser um parceiro [&hellip;]<\/p>\n","protected":false},"author":2,"featured_media":0,"parent":0,"menu_order":0,"comment_status":"closed","ping_status":"closed","template":"","meta":{"site-sidebar-layout":"no-sidebar","site-content-layout":"page-builder","ast-site-content-layout":"full-width-container","site-content-style":"unboxed","site-sidebar-style":"unboxed","ast-global-header-display":"","ast-banner-title-visibility":"","ast-main-header-display":"","ast-hfb-above-header-display":"","ast-hfb-below-header-display":"","ast-hfb-mobile-header-display":"","site-post-title":"disabled","ast-breadcrumbs-content":"","ast-featured-img":"disabled","footer-sml-layout":"","theme-transparent-header-meta":"enabled","adv-header-id-meta":"","stick-header-meta":"","header-above-stick-meta":"","header-main-stick-meta":"","header-below-stick-meta":"","astra-migrate-meta-layouts":"set","ast-page-background-enabled":"default","ast-page-background-meta":{"desktop":{"background-color":"","background-image":"","background-repeat":"repeat","background-position":"center center","background-size":"auto","background-attachment":"scroll","background-type":"","background-media":"","overlay-type":"","overlay-color":"","overlay-gradient":""},"tablet":{"background-color":"","background-image":"","background-repeat":"repeat","background-position":"center center","background-size":"auto","background-attachment":"scroll","background-type":"","background-media":"","overlay-type":"","overlay-color":"","overlay-gradient":""},"mobile":{"background-color":"","background-image":"","background-repeat":"repeat","background-position":"center center","background-size":"auto","background-attachment":"scroll","background-type":"","background-media":"","overlay-type":"","overlay-color":"","overlay-gradient":""}},"ast-content-background-meta":{"desktop":{"background-color":"var(--ast-global-color-5)","background-image":"","background-repeat":"repeat","background-position":"center center","background-size":"auto","background-attachment":"scroll","background-type":"","background-media":"","overlay-type":"","overlay-color":"","overlay-gradient":""},"tablet":{"background-color":"var(--ast-global-color-5)","background-image":"","background-repeat":"repeat","background-position":"center center","background-size":"auto","background-attachment":"scroll","background-type":"","background-media":"","overlay-type":"","overlay-color":"","overlay-gradient":""},"mobile":{"background-color":"var(--ast-global-color-5)","background-image":"","background-repeat":"repeat","background-position":"center center","background-size":"auto","background-attachment":"scroll","background-type":"","background-media":"","overlay-type":"","overlay-color":"","overlay-gradient":""}},"footnotes":""},"class_list":["post-634","page","type-page","status-publish","hentry"],"yoast_head":"<!-- This site is optimized with the Yoast SEO plugin v21.9.1 - https:\/\/yoast.com\/wordpress\/plugins\/seo\/ -->\n<title>Para seu Neg\u00f3cio - Pastel da JAPA<\/title>\n<meta name=\"robots\" content=\"index, follow, max-snippet:-1, max-image-preview:large, max-video-preview:-1\" \/>\n<link rel=\"canonical\" href=\"https:\/\/pasteldajapa.com.br\/?page_id=634\" \/>\n<meta property=\"og:locale\" content=\"pt_BR\" \/>\n<meta property=\"og:type\" content=\"article\" \/>\n<meta property=\"og:title\" content=\"Para seu Neg\u00f3cio - Pastel da JAPA\" \/>\n<meta property=\"og:description\" content=\"Fornecemos para seu Neg\u00f3cio Ganhe mais dinheiro com nossos produtos Enrique\u00e7a o Card\u00e1pio do Seu Estabelecimento com nossos produtos No Pastel da Japa, oferecemos muito mais do que apenas uma ampla gama de deliciosos past\u00e9is, salgados, carnes selecionadas e molhos exclusivos. Nosso compromisso vai al\u00e9m de proporcionar qualidade e sabor excepcional: queremos ser um parceiro [&hellip;]\" \/>\n<meta property=\"og:url\" content=\"https:\/\/pasteldajapa.com.br\/?page_id=634\" \/>\n<meta property=\"og:site_name\" content=\"Pastel da JAPA\" \/>\n<meta property=\"article:modified_time\" content=\"2024-01-20T18:55:04+00:00\" \/>\n<meta property=\"og:image\" content=\"http:\/\/pasteldajapa.com.br\/wp-content\/uploads\/2023\/12\/parceria.jpg\" \/>\n<meta name=\"twitter:card\" content=\"summary_large_image\" \/>\n<meta name=\"twitter:label1\" content=\"Est. tempo de leitura\" \/>\n\t<meta name=\"twitter:data1\" content=\"2 minutos\" \/>\n<script type=\"application\/ld+json\" class=\"yoast-schema-graph\">{\"@context\":\"https:\/\/schema.org\",\"@graph\":[{\"@type\":\"WebPage\",\"@id\":\"https:\/\/pasteldajapa.com.br\/?page_id=634\",\"url\":\"https:\/\/pasteldajapa.com.br\/?page_id=634\",\"name\":\"Para seu Neg\u00f3cio - Pastel da JAPA\",\"isPartOf\":{\"@id\":\"https:\/\/pasteldajapa.com.br\/#website\"},\"datePublished\":\"2022-03-21T07:42:33+00:00\",\"dateModified\":\"2024-01-20T18:55:04+00:00\",\"breadcrumb\":{\"@id\":\"https:\/\/pasteldajapa.com.br\/?page_id=634#breadcrumb\"},\"inLanguage\":\"pt-BR\",\"potentialAction\":[{\"@type\":\"ReadAction\",\"target\":[\"https:\/\/pasteldajapa.com.br\/?page_id=634\"]}]},{\"@type\":\"BreadcrumbList\",\"@id\":\"https:\/\/pasteldajapa.com.br\/?page_id=634#breadcrumb\",\"itemListElement\":[{\"@type\":\"ListItem\",\"position\":1,\"name\":\"In\u00edcio\",\"item\":\"https:\/\/pasteldajapa.com.br\/\"},{\"@type\":\"ListItem\",\"position\":2,\"name\":\"Para seu Neg\u00f3cio\"}]},{\"@type\":\"WebSite\",\"@id\":\"https:\/\/pasteldajapa.com.br\/#website\",\"url\":\"https:\/\/pasteldajapa.com.br\/\",\"name\":\"Pastel da JAPA\",\"description\":\"Pastel da JAPA\",\"publisher\":{\"@id\":\"https:\/\/pasteldajapa.com.br\/#organization\"},\"potentialAction\":[{\"@type\":\"SearchAction\",\"target\":{\"@type\":\"EntryPoint\",\"urlTemplate\":\"https:\/\/pasteldajapa.com.br\/?s={search_term_string}\"},\"query-input\":\"required name=search_term_string\"}],\"inLanguage\":\"pt-BR\"},{\"@type\":\"Organization\",\"@id\":\"https:\/\/pasteldajapa.com.br\/#organization\",\"name\":\"Pastel da JAPA\",\"url\":\"https:\/\/pasteldajapa.com.br\/\",\"logo\":{\"@type\":\"ImageObject\",\"inLanguage\":\"pt-BR\",\"@id\":\"https:\/\/pasteldajapa.com.br\/#\/schema\/logo\/image\/\",\"url\":\"https:\/\/pasteldajapa.com.br\/wp-content\/uploads\/2023\/07\/pastel-da-japa-pastelaria.png\",\"contentUrl\":\"https:\/\/pasteldajapa.com.br\/wp-content\/uploads\/2023\/07\/pastel-da-japa-pastelaria.png\",\"width\":610,\"height\":508,\"caption\":\"Pastel da JAPA\"},\"image\":{\"@id\":\"https:\/\/pasteldajapa.com.br\/#\/schema\/logo\/image\/\"}}]}<\/script>\n<!-- \/ Yoast SEO plugin. -->","yoast_head_json":{"title":"Para seu Neg\u00f3cio - Pastel da JAPA","robots":{"index":"index","follow":"follow","max-snippet":"max-snippet:-1","max-image-preview":"max-image-preview:large","max-video-preview":"max-video-preview:-1"},"canonical":"https:\/\/pasteldajapa.com.br\/?page_id=634","og_locale":"pt_BR","og_type":"article","og_title":"Para seu Neg\u00f3cio - Pastel da JAPA","og_description":"Fornecemos para seu Neg\u00f3cio Ganhe mais dinheiro com nossos produtos Enrique\u00e7a o Card\u00e1pio do Seu Estabelecimento com nossos produtos No Pastel da Japa, oferecemos muito mais do que apenas uma ampla gama de deliciosos past\u00e9is, salgados, carnes selecionadas e molhos exclusivos. Nosso compromisso vai al\u00e9m de proporcionar qualidade e sabor excepcional: queremos ser um parceiro [&hellip;]","og_url":"https:\/\/pasteldajapa.com.br\/?page_id=634","og_site_name":"Pastel da JAPA","article_modified_time":"2024-01-20T18:55:04+00:00","og_image":[{"url":"http:\/\/pasteldajapa.com.br\/wp-content\/uploads\/2023\/12\/parceria.jpg"}],"twitter_card":"summary_large_image","twitter_misc":{"Est. tempo de leitura":"2 minutos"},"schema":{"@context":"https:\/\/schema.org","@graph":[{"@type":"WebPage","@id":"https:\/\/pasteldajapa.com.br\/?page_id=634","url":"https:\/\/pasteldajapa.com.br\/?page_id=634","name":"Para seu Neg\u00f3cio - Pastel da JAPA","isPartOf":{"@id":"https:\/\/pasteldajapa.com.br\/#website"},"datePublished":"2022-03-21T07:42:33+00:00","dateModified":"2024-01-20T18:55:04+00:00","breadcrumb":{"@id":"https:\/\/pasteldajapa.com.br\/?page_id=634#breadcrumb"},"inLanguage":"pt-BR","potentialAction":[{"@type":"ReadAction","target":["https:\/\/pasteldajapa.com.br\/?page_id=634"]}]},{"@type":"BreadcrumbList","@id":"https:\/\/pasteldajapa.com.br\/?page_id=634#breadcrumb","itemListElement":[{"@type":"ListItem","position":1,"name":"In\u00edcio","item":"https:\/\/pasteldajapa.com.br\/"},{"@type":"ListItem","position":2,"name":"Para seu Neg\u00f3cio"}]},{"@type":"WebSite","@id":"https:\/\/pasteldajapa.com.br\/#website","url":"https:\/\/pasteldajapa.com.br\/","name":"Pastel da JAPA","description":"Pastel da JAPA","publisher":{"@id":"https:\/\/pasteldajapa.com.br\/#organization"},"potentialAction":[{"@type":"SearchAction","target":{"@type":"EntryPoint","urlTemplate":"https:\/\/pasteldajapa.com.br\/?s={search_term_string}"},"query-input":"required name=search_term_string"}],"inLanguage":"pt-BR"},{"@type":"Organization","@id":"https:\/\/pasteldajapa.com.br\/#organization","name":"Pastel da JAPA","url":"https:\/\/pasteldajapa.com.br\/","logo":{"@type":"ImageObject","inLanguage":"pt-BR","@id":"https:\/\/pasteldajapa.com.br\/#\/schema\/logo\/image\/","url":"https:\/\/pasteldajapa.com.br\/wp-content\/uploads\/2023\/07\/pastel-da-japa-pastelaria.png","contentUrl":"https:\/\/pasteldajapa.com.br\/wp-content\/uploads\/2023\/07\/pastel-da-japa-pastelaria.png","width":610,"height":508,"caption":"Pastel da JAPA"},"image":{"@id":"https:\/\/pasteldajapa.com.br\/#\/schema\/logo\/image\/"}}]}},"_links":{"self":[{"href":"https:\/\/pasteldajapa.com.br\/index.php?rest_route=\/wp\/v2\/pages\/634","targetHints":{"allow":["GET"]}}],"collection":[{"href":"https:\/\/pasteldajapa.com.br\/index.php?rest_route=\/wp\/v2\/pages"}],"about":[{"href":"https:\/\/pasteldajapa.com.br\/index.php?rest_route=\/wp\/v2\/types\/page"}],"author":[{"embeddable":true,"href":"https:\/\/pasteldajapa.com.br\/index.php?rest_route=\/wp\/v2\/users\/2"}],"replies":[{"embeddable":true,"href":"https:\/\/pasteldajapa.com.br\/index.php?rest_route=%2Fwp%2Fv2%2Fcomments&post=634"}],"version-history":[{"count":10,"href":"https:\/\/pasteldajapa.com.br\/index.php?rest_route=\/wp\/v2\/pages\/634\/revisions"}],"predecessor-version":[{"id":1016,"href":"https:\/\/pasteldajapa.com.br\/index.php?rest_route=\/wp\/v2\/pages\/634\/revisions\/1016"}],"wp:attachment":[{"href":"https:\/\/pasteldajapa.com.br\/index.php?rest_route=%2Fwp%2Fv2%2Fmedia&parent=634"}],"curies":[{"name":"wp","href":"https:\/\/api.w.org\/{rel}","templated":true}]}}