{"id":909,"date":"2023-10-25T21:27:40","date_gmt":"2023-10-26T00:27:40","guid":{"rendered":"https:\/\/pasteldajapa.com.br\/?page_id=909"},"modified":"2024-02-12T14:48:32","modified_gmt":"2024-02-12T17:48:32","slug":"comprar-pastel","status":"publish","type":"page","link":"https:\/\/pasteldajapa.com.br\/?page_id=909","title":{"rendered":"Aonde Comprar"},"content":{"rendered":"\n\n\t<h1>\n\t\t\t\t\tAonde Comprar\n\t\t\t\t<\/h1>\n\t<h6>\n\t\t\t\t\tUnidade\n\t\t\t\t<\/h6>\n\t<h3>\n\t\t\t\t\t\u00a0Online &#8211; Delivery\n\t\t\t\t<\/h3>\n\t\t\t\t<a href=\"https:\/\/pedido.anota.ai\/loja\/pastel-da-japa-2?from=site&#038;utm_source=config-copy-input\" target=\"_blank\" rel=\"noopener\" itemprop=\"url\">\n\t\t\t\t<img loading=\"lazy\" decoding=\"async\" src=\"https:\/\/pasteldajapa.com.br\/wp-content\/uploads\/2023\/12\/montagem-celular-pastel-japa.jpg\" alt=\"montagem-celular-pastel-japa\" itemprop=\"image\" height=\"267\" width=\"400\" title=\"montagem-celular-pastel-japa\" onerror=\"this.style.display='none'\"  \/>\n\t\t\t\t<\/a>\n\t<p>&nbsp;<\/p>\n<p>&nbsp;<\/p>\n<p>&nbsp;<\/p>\n<p>&nbsp;<\/p>\n<p><strong>Quer comer as del\u00edcias do pastel da Japa e n\u00e3o tem uma unidade perto da sua casa?<\/strong><\/p>\n<p>Fa\u00e7a seu pedido em nossa unidade online e receba por delivery no conforto de sua casa. N\u00e3o perca tempo!<\/p>\n\t\t\t<a href=\"https:\/\/pedido.anota.ai\/loja\/pastel-da-japa-2?from=site&#038;utm_source=config-copy-input\" target=\"_blank\" role=\"button\" rel=\"noopener\">\n\t\t\t\t\t\tFazer Pedido\n\t\t<\/a>\n<h2>\n\t\tSe preferir, venha nos visitar em uma de nossas unidades\n\t<\/h2>\n\t<h6>\n\t\t\t\t\tUnidades\n\t\t\t\t<\/h6>\n\t<h3>\n\t\t\t\t\t\u00a0Campinas\n\t\t\t\t<\/h3>\n\t\t\t\t<img decoding=\"async\" src=\"http:\/\/pasteldajapa.com.br\/wp-content\/uploads\/2023\/12\/torre-castelo.jpg\" alt=\"torre-castelo\" itemprop=\"image\" title=\"torre-castelo\" onerror=\"this.style.display='none'\"  \/>\n\t<strong>&#8211; Ter\u00e7a<br \/>\nJardim Carlos Louren\u00e7o<\/strong>, 17hs as 23hs\n&#8211; <strong>Quarta<br \/>\nVila Nova<\/strong> (Carolina Florence), 07hs as 13hs\n<strong>&#8211; Quarta<br \/>\nJardim Londres,<\/strong> 17hs as 23hs\n<strong>&#8211; Quinta<br \/>\nNova Mercedez<\/strong>, 17hs as 23hs\n<strong>&#8211; Sexta<br \/>\nJardim Aur\u00e9lia<\/strong>, 17hs as 23hs\n<strong>&#8211; Sexta<\/strong><br \/>\n<strong>Swiss Park<\/strong>, 17hs as 23hs\n\t<h6>\n\t\t\t\t\tUnidades\n\t\t\t\t<\/h6>\n\t<h3>\n\t\t\t\t\tVinhedo\n\t\t\t\t<\/h3>\n\t\t\t\t<img decoding=\"async\" src=\"http:\/\/pasteldajapa.com.br\/wp-content\/uploads\/2023\/12\/vinhedo-sp.jpg\" alt=\"vinhedo-sp\" itemprop=\"image\" title=\"vinhedo-sp\" onerror=\"this.style.display='none'\"  \/>\n\t<p>&nbsp;<\/p>\n<p>&nbsp;<\/p>\n<p>&nbsp;<\/p>\n<strong>&#8211; Quarta<\/strong><br \/>\n<strong> Bairro capela<\/strong>, 17hs as 23hs\n<strong>&#8211; Quinta<\/strong><br \/>\n<strong> Bairro 3 irm\u00e3os<\/strong>, 17hs as 23hs\n<strong>&#8211; S\u00e1bado<\/strong><br \/>\n<strong> Bairro capela<\/strong>, 06hs as 13hs\n\t<h6>\n\t\t\t\t\tUnidades\n\t\t\t\t<\/h6>\n\t<h3>\n\t\t\t\t\tLouveira\n\t\t\t\t<\/h3>\n\t\t\t\t<img decoding=\"async\" src=\"http:\/\/pasteldajapa.com.br\/wp-content\/uploads\/2023\/12\/louveira-sp.jpg\" alt=\"louveira-sp\" itemprop=\"image\" title=\"louveira-sp\" onerror=\"this.style.display='none'\"  \/>\n\t\t\t\t<img decoding=\"async\" src=\"https:\/\/pasteldajapa.com.br\/wp-content\/plugins\/beaver-builder-lite-version\/img\/pixel.png\" alt=\"\" itemprop=\"image\" onerror=\"this.style.display='none'\"  \/>\n\t<p>&nbsp;<\/p>\n<p>&nbsp;<\/p>\n<p>&nbsp;<\/p>\n<strong>&#8211; Quarta<\/strong><br \/>\n<strong>Centro &#8211; Esta\u00e7\u00e3o<\/strong>, 06hs as 13hs\n<strong>&#8211; Sexta<\/strong><br \/>\n<strong> Bica<\/strong>, 17hs as 23hs\n<strong>&#8211; Domingo<\/strong><br \/>\n<strong> Santo Antonio<\/strong>, 06hs as 13hs\n\t<h6>\n\t\t\t\t\tUnidade\n\t\t\t\t<\/h6>\n\t<h3>\n\t\t\t\t\tHortol\u00e2ndia\n\t\t\t\t<\/h3>\n\t\t\t\t<img decoding=\"async\" src=\"http:\/\/pasteldajapa.com.br\/wp-content\/uploads\/2023\/12\/hortolandia-sp.jpg\" alt=\"hortolandia-sp\" itemprop=\"image\" title=\"hortolandia-sp\" onerror=\"this.style.display='none'\"  \/>\n\t<p>&nbsp;<\/p>\n<p>&nbsp;<\/p>\n<p>&nbsp;<\/p>\n<p>&nbsp;<\/p>\n<p>&nbsp;<\/p>\n<p>&nbsp;<\/p>\n<strong>\u00a0&#8211; Domingo<\/strong><br \/>\n<strong>Amanda 1<\/strong>, 06hs as 13hs\n\t<h6>\n\t\t\t\t\tUnidades\n\t\t\t\t<\/h6>\n\t<h3>\n\t\t\t\t\tSumar\u00e9\n\t\t\t\t<\/h3>\n\t\t\t\t<img decoding=\"async\" src=\"http:\/\/pasteldajapa.com.br\/wp-content\/uploads\/2023\/12\/sumare-sp.jpg\" alt=\"sumare-sp\" itemprop=\"image\" title=\"sumare-sp\" onerror=\"this.style.display='none'\"  \/>\n\t<p>&nbsp;<\/p>\n<p>&nbsp;<\/p>\n<p>&nbsp;<\/p>\n<p>&nbsp;<\/p>\n<strong>&#8211; S\u00e1bado<\/strong><br \/>\n<strong> Picerno<\/strong>, 06hs as 13hs\n<strong>&#8211; Domingo<\/strong><br \/>\n<strong> Bom retiro<\/strong>, 06hs as 13hs\n\t<h6>\n\t\t\t\t\tUnidade\n\t\t\t\t<\/h6>\n\t<h3>\n\t\t\t\t\tValinhos\n\t\t\t\t<\/h3>\n\t\t\t\t<img decoding=\"async\" src=\"http:\/\/pasteldajapa.com.br\/wp-content\/uploads\/2023\/12\/valinhos-sp.jpg\" alt=\"valinhos-sp\" itemprop=\"image\" title=\"valinhos-sp\" onerror=\"this.style.display='none'\"  \/>\n\t<p>&nbsp;<\/p>\n<p>&nbsp;<\/p>\n<p>&nbsp;<\/p>\n<p>&nbsp;<\/p>\n<strong><br \/>\n&#8211; Aos S\u00e1bados<\/strong><br \/>\n<strong> Pra\u00e7a 500 anos<\/strong>, 06 as 13hs\n\n","protected":false},"excerpt":{"rendered":"<p>Aonde Comprar Unidade \u00a0Online &#8211; Delivery &nbsp; &nbsp; &nbsp; &nbsp; Quer comer as del\u00edcias do pastel da Japa e n\u00e3o tem uma unidade perto da sua casa? Fa\u00e7a seu pedido em nossa unidade online e receba por delivery no conforto de sua casa. N\u00e3o perca tempo! Fazer Pedido Se preferir, venha nos visitar em uma [&hellip;]<\/p>\n","protected":false},"author":2,"featured_media":0,"parent":0,"menu_order":0,"comment_status":"closed","ping_status":"closed","template":"","meta":{"site-sidebar-layout":"no-sidebar","site-content-layout":"page-builder","ast-site-content-layout":"full-width-container","site-content-style":"unboxed","site-sidebar-style":"unboxed","ast-global-header-display":"","ast-banner-title-visibility":"","ast-main-header-display":"","ast-hfb-above-header-display":"","ast-hfb-below-header-display":"","ast-hfb-mobile-header-display":"","site-post-title":"disabled","ast-breadcrumbs-content":"","ast-featured-img":"disabled","footer-sml-layout":"","theme-transparent-header-meta":"enabled","adv-header-id-meta":"","stick-header-meta":"","header-above-stick-meta":"","header-main-stick-meta":"","header-below-stick-meta":"","astra-migrate-meta-layouts":"set","ast-page-background-enabled":"default","ast-page-background-meta":{"desktop":{"background-color":"","background-image":"","background-repeat":"repeat","background-position":"center center","background-size":"auto","background-attachment":"scroll","background-type":"","background-media":"","overlay-type":"","overlay-color":"","overlay-gradient":""},"tablet":{"background-color":"","background-image":"","background-repeat":"repeat","background-position":"center center","background-size":"auto","background-attachment":"scroll","background-type":"","background-media":"","overlay-type":"","overlay-color":"","overlay-gradient":""},"mobile":{"background-color":"","background-image":"","background-repeat":"repeat","background-position":"center center","background-size":"auto","background-attachment":"scroll","background-type":"","background-media":"","overlay-type":"","overlay-color":"","overlay-gradient":""}},"ast-content-background-meta":{"desktop":{"background-color":"var(--ast-global-color-5)","background-image":"","background-repeat":"repeat","background-position":"center center","background-size":"auto","background-attachment":"scroll","background-type":"","background-media":"","overlay-type":"","overlay-color":"","overlay-gradient":""},"tablet":{"background-color":"var(--ast-global-color-5)","background-image":"","background-repeat":"repeat","background-position":"center center","background-size":"auto","background-attachment":"scroll","background-type":"","background-media":"","overlay-type":"","overlay-color":"","overlay-gradient":""},"mobile":{"background-color":"var(--ast-global-color-5)","background-image":"","background-repeat":"repeat","background-position":"center center","background-size":"auto","background-attachment":"scroll","background-type":"","background-media":"","overlay-type":"","overlay-color":"","overlay-gradient":""}},"footnotes":""},"class_list":["post-909","page","type-page","status-publish","hentry"],"yoast_head":"<!-- This site is optimized with the Yoast SEO plugin v21.9.1 - https:\/\/yoast.com\/wordpress\/plugins\/seo\/ -->\n<title>Aonde Comprar - Pastel da JAPA<\/title>\n<meta name=\"robots\" content=\"index, follow, max-snippet:-1, max-image-preview:large, max-video-preview:-1\" \/>\n<link rel=\"canonical\" href=\"https:\/\/pasteldajapa.com.br\/?page_id=909\" \/>\n<meta property=\"og:locale\" content=\"pt_BR\" \/>\n<meta property=\"og:type\" content=\"article\" \/>\n<meta property=\"og:title\" content=\"Aonde Comprar - Pastel da JAPA\" \/>\n<meta property=\"og:description\" content=\"Aonde Comprar Unidade \u00a0Online &#8211; Delivery &nbsp; &nbsp; &nbsp; &nbsp; Quer comer as del\u00edcias do pastel da Japa e n\u00e3o tem uma unidade perto da sua casa? Fa\u00e7a seu pedido em nossa unidade online e receba por delivery no conforto de sua casa. N\u00e3o perca tempo! Fazer Pedido Se preferir, venha nos visitar em uma [&hellip;]\" \/>\n<meta property=\"og:url\" content=\"https:\/\/pasteldajapa.com.br\/?page_id=909\" \/>\n<meta property=\"og:site_name\" content=\"Pastel da JAPA\" \/>\n<meta property=\"article:modified_time\" content=\"2024-02-12T17:48:32+00:00\" \/>\n<meta property=\"og:image\" content=\"https:\/\/pasteldajapa.com.br\/wp-content\/uploads\/2023\/12\/montagem-celular-pastel-japa.jpg\" \/>\n<meta name=\"twitter:card\" content=\"summary_large_image\" \/>\n<meta name=\"twitter:label1\" content=\"Est. tempo de leitura\" \/>\n\t<meta name=\"twitter:data1\" content=\"3 minutos\" \/>\n<script type=\"application\/ld+json\" class=\"yoast-schema-graph\">{\"@context\":\"https:\/\/schema.org\",\"@graph\":[{\"@type\":\"WebPage\",\"@id\":\"https:\/\/pasteldajapa.com.br\/?page_id=909\",\"url\":\"https:\/\/pasteldajapa.com.br\/?page_id=909\",\"name\":\"Aonde Comprar - Pastel da JAPA\",\"isPartOf\":{\"@id\":\"https:\/\/pasteldajapa.com.br\/#website\"},\"datePublished\":\"2023-10-26T00:27:40+00:00\",\"dateModified\":\"2024-02-12T17:48:32+00:00\",\"breadcrumb\":{\"@id\":\"https:\/\/pasteldajapa.com.br\/?page_id=909#breadcrumb\"},\"inLanguage\":\"pt-BR\",\"potentialAction\":[{\"@type\":\"ReadAction\",\"target\":[\"https:\/\/pasteldajapa.com.br\/?page_id=909\"]}]},{\"@type\":\"BreadcrumbList\",\"@id\":\"https:\/\/pasteldajapa.com.br\/?page_id=909#breadcrumb\",\"itemListElement\":[{\"@type\":\"ListItem\",\"position\":1,\"name\":\"In\u00edcio\",\"item\":\"https:\/\/pasteldajapa.com.br\/\"},{\"@type\":\"ListItem\",\"position\":2,\"name\":\"Aonde Comprar\"}]},{\"@type\":\"WebSite\",\"@id\":\"https:\/\/pasteldajapa.com.br\/#website\",\"url\":\"https:\/\/pasteldajapa.com.br\/\",\"name\":\"Pastel da JAPA\",\"description\":\"Pastel da JAPA\",\"publisher\":{\"@id\":\"https:\/\/pasteldajapa.com.br\/#organization\"},\"potentialAction\":[{\"@type\":\"SearchAction\",\"target\":{\"@type\":\"EntryPoint\",\"urlTemplate\":\"https:\/\/pasteldajapa.com.br\/?s={search_term_string}\"},\"query-input\":\"required name=search_term_string\"}],\"inLanguage\":\"pt-BR\"},{\"@type\":\"Organization\",\"@id\":\"https:\/\/pasteldajapa.com.br\/#organization\",\"name\":\"Pastel da JAPA\",\"url\":\"https:\/\/pasteldajapa.com.br\/\",\"logo\":{\"@type\":\"ImageObject\",\"inLanguage\":\"pt-BR\",\"@id\":\"https:\/\/pasteldajapa.com.br\/#\/schema\/logo\/image\/\",\"url\":\"https:\/\/pasteldajapa.com.br\/wp-content\/uploads\/2023\/07\/pastel-da-japa-pastelaria.png\",\"contentUrl\":\"https:\/\/pasteldajapa.com.br\/wp-content\/uploads\/2023\/07\/pastel-da-japa-pastelaria.png\",\"width\":610,\"height\":508,\"caption\":\"Pastel da JAPA\"},\"image\":{\"@id\":\"https:\/\/pasteldajapa.com.br\/#\/schema\/logo\/image\/\"}}]}<\/script>\n<!-- \/ Yoast SEO plugin. -->","yoast_head_json":{"title":"Aonde Comprar - Pastel da JAPA","robots":{"index":"index","follow":"follow","max-snippet":"max-snippet:-1","max-image-preview":"max-image-preview:large","max-video-preview":"max-video-preview:-1"},"canonical":"https:\/\/pasteldajapa.com.br\/?page_id=909","og_locale":"pt_BR","og_type":"article","og_title":"Aonde Comprar - Pastel da JAPA","og_description":"Aonde Comprar Unidade \u00a0Online &#8211; Delivery &nbsp; &nbsp; &nbsp; &nbsp; Quer comer as del\u00edcias do pastel da Japa e n\u00e3o tem uma unidade perto da sua casa? Fa\u00e7a seu pedido em nossa unidade online e receba por delivery no conforto de sua casa. N\u00e3o perca tempo! Fazer Pedido Se preferir, venha nos visitar em uma [&hellip;]","og_url":"https:\/\/pasteldajapa.com.br\/?page_id=909","og_site_name":"Pastel da JAPA","article_modified_time":"2024-02-12T17:48:32+00:00","og_image":[{"url":"https:\/\/pasteldajapa.com.br\/wp-content\/uploads\/2023\/12\/montagem-celular-pastel-japa.jpg"}],"twitter_card":"summary_large_image","twitter_misc":{"Est. tempo de leitura":"3 minutos"},"schema":{"@context":"https:\/\/schema.org","@graph":[{"@type":"WebPage","@id":"https:\/\/pasteldajapa.com.br\/?page_id=909","url":"https:\/\/pasteldajapa.com.br\/?page_id=909","name":"Aonde Comprar - Pastel da JAPA","isPartOf":{"@id":"https:\/\/pasteldajapa.com.br\/#website"},"datePublished":"2023-10-26T00:27:40+00:00","dateModified":"2024-02-12T17:48:32+00:00","breadcrumb":{"@id":"https:\/\/pasteldajapa.com.br\/?page_id=909#breadcrumb"},"inLanguage":"pt-BR","potentialAction":[{"@type":"ReadAction","target":["https:\/\/pasteldajapa.com.br\/?page_id=909"]}]},{"@type":"BreadcrumbList","@id":"https:\/\/pasteldajapa.com.br\/?page_id=909#breadcrumb","itemListElement":[{"@type":"ListItem","position":1,"name":"In\u00edcio","item":"https:\/\/pasteldajapa.com.br\/"},{"@type":"ListItem","position":2,"name":"Aonde Comprar"}]},{"@type":"WebSite","@id":"https:\/\/pasteldajapa.com.br\/#website","url":"https:\/\/pasteldajapa.com.br\/","name":"Pastel da JAPA","description":"Pastel da JAPA","publisher":{"@id":"https:\/\/pasteldajapa.com.br\/#organization"},"potentialAction":[{"@type":"SearchAction","target":{"@type":"EntryPoint","urlTemplate":"https:\/\/pasteldajapa.com.br\/?s={search_term_string}"},"query-input":"required name=search_term_string"}],"inLanguage":"pt-BR"},{"@type":"Organization","@id":"https:\/\/pasteldajapa.com.br\/#organization","name":"Pastel da JAPA","url":"https:\/\/pasteldajapa.com.br\/","logo":{"@type":"ImageObject","inLanguage":"pt-BR","@id":"https:\/\/pasteldajapa.com.br\/#\/schema\/logo\/image\/","url":"https:\/\/pasteldajapa.com.br\/wp-content\/uploads\/2023\/07\/pastel-da-japa-pastelaria.png","contentUrl":"https:\/\/pasteldajapa.com.br\/wp-content\/uploads\/2023\/07\/pastel-da-japa-pastelaria.png","width":610,"height":508,"caption":"Pastel da JAPA"},"image":{"@id":"https:\/\/pasteldajapa.com.br\/#\/schema\/logo\/image\/"}}]}},"_links":{"self":[{"href":"https:\/\/pasteldajapa.com.br\/index.php?rest_route=\/wp\/v2\/pages\/909","targetHints":{"allow":["GET"]}}],"collection":[{"href":"https:\/\/pasteldajapa.com.br\/index.php?rest_route=\/wp\/v2\/pages"}],"about":[{"href":"https:\/\/pasteldajapa.com.br\/index.php?rest_route=\/wp\/v2\/types\/page"}],"author":[{"embeddable":true,"href":"https:\/\/pasteldajapa.com.br\/index.php?rest_route=\/wp\/v2\/users\/2"}],"replies":[{"embeddable":true,"href":"https:\/\/pasteldajapa.com.br\/index.php?rest_route=%2Fwp%2Fv2%2Fcomments&post=909"}],"version-history":[{"count":24,"href":"https:\/\/pasteldajapa.com.br\/index.php?rest_route=\/wp\/v2\/pages\/909\/revisions"}],"predecessor-version":[{"id":1045,"href":"https:\/\/pasteldajapa.com.br\/index.php?rest_route=\/wp\/v2\/pages\/909\/revisions\/1045"}],"wp:attachment":[{"href":"https:\/\/pasteldajapa.com.br\/index.php?rest_route=%2Fwp%2Fv2%2Fmedia&parent=909"}],"curies":[{"name":"wp","href":"https:\/\/api.w.org\/{rel}","templated":true}]}}